{"id":7399,"date":"2025-05-13T17:52:40","date_gmt":"2025-05-13T17:52:40","guid":{"rendered":"https:\/\/afrentcar.com\/?post_type=product&#038;p=7399"},"modified":"2025-05-13T18:01:59","modified_gmt":"2025-05-13T18:01:59","slug":"opel-corsa","status":"publish","type":"product","link":"https:\/\/afrentcar.com\/fr\/produit\/opel-corsa\/","title":{"rendered":"OPEL CORSA"},"content":{"rendered":"<p>AF RENT CAR MAROC b\u00e9n\u00e9ficie de la confiance de nombreux clients gr\u00e2ce \u00e0 la qualit\u00e9 de son service et \u00e0 l&#039;\u00e9coute de leurs besoins. Nous avons constitu\u00e9 notre flotte en s\u00e9lectionnant les v\u00e9hicules et les marques les plus populaires, appr\u00e9ci\u00e9s et attractifs.<\/p>","protected":false},"excerpt":{"rendered":"<p>AF RENT CAR MAROC b\u00e9n\u00e9ficie de la confiance de nombreux clients gr\u00e2ce \u00e0 la qualit\u00e9 de son service et \u00e0 l&#039;\u00e9coute de leurs besoins. Nous avons constitu\u00e9 notre flotte en s\u00e9lectionnant les v\u00e9hicules et les marques les plus populaires, appr\u00e9ci\u00e9s et attractifs.<\/p>","protected":false},"featured_media":7403,"comment_status":"open","ping_status":"closed","template":"","meta":{"_joinchat":[]},"product_brand":[],"product_cat":[59,114,34],"product_tag":[54,26,58,63,62,115,116,117,61,60],"class_list":{"0":"post-7399","1":"product","2":"type-product","3":"status-publish","4":"has-post-thumbnail","6":"product_cat-coupe","7":"product_cat-opel","8":"product_cat-sports","9":"product_tag-af-rent-car-maroc","10":"product_tag-car-rental","11":"product_tag-location-de-voiture","12":"product_tag-megane","13":"product_tag-megane-coupe","14":"product_tag-opel","15":"product_tag-opel-corsa","16":"product_tag-opel-corsa-manuel","17":"product_tag-renault","18":"product_tag-renault-megane-coupe","20":"first","21":"instock","22":"shipping-taxable","23":"purchasable","24":"product-type-ovabrw_car_rental","25":"add-to-wishlist-after_add_to_cart"},"_links":{"self":[{"href":"https:\/\/afrentcar.com\/fr\/wp-json\/wp\/v2\/product\/7399","targetHints":{"allow":["GET"]}}],"collection":[{"href":"https:\/\/afrentcar.com\/fr\/wp-json\/wp\/v2\/product"}],"about":[{"href":"https:\/\/afrentcar.com\/fr\/wp-json\/wp\/v2\/types\/product"}],"replies":[{"embeddable":true,"href":"https:\/\/afrentcar.com\/fr\/wp-json\/wp\/v2\/comments?post=7399"}],"wp:featuredmedia":[{"embeddable":true,"href":"https:\/\/afrentcar.com\/fr\/wp-json\/wp\/v2\/media\/7403"}],"wp:attachment":[{"href":"https:\/\/afrentcar.com\/fr\/wp-json\/wp\/v2\/media?parent=7399"}],"wp:term":[{"taxonomy":"product_brand","embeddable":true,"href":"https:\/\/afrentcar.com\/fr\/wp-json\/wp\/v2\/product_brand?post=7399"},{"taxonomy":"product_cat","embeddable":true,"href":"https:\/\/afrentcar.com\/fr\/wp-json\/wp\/v2\/product_cat?post=7399"},{"taxonomy":"product_tag","embeddable":true,"href":"https:\/\/afrentcar.com\/fr\/wp-json\/wp\/v2\/product_tag?post=7399"}],"curies":[{"name":"wp","href":"https:\/\/api.w.org\/{rel}","templated":true}]}}