{"id":7395,"date":"2025-05-13T16:44:48","date_gmt":"2025-05-13T16:44:48","guid":{"rendered":"https:\/\/afrentcar.com\/?post_type=product&#038;p=7395"},"modified":"2025-05-13T17:29:32","modified_gmt":"2025-05-13T17:29:32","slug":"volkswagen-golf-8","status":"publish","type":"product","link":"https:\/\/afrentcar.com\/fr\/produit\/volkswagen-golf-8\/","title":{"rendered":"VOLKSWAGEN GOLF 8"},"content":{"rendered":"<p>AF RENT CAR MAROC b\u00e9n\u00e9ficie de la confiance de nombreux clients gr\u00e2ce \u00e0 la qualit\u00e9 de son service et \u00e0 l&#039;\u00e9coute de leurs besoins. Nous avons constitu\u00e9 notre flotte en s\u00e9lectionnant les v\u00e9hicules et les marques les plus populaires, appr\u00e9ci\u00e9s et attractifs.<\/p>","protected":false},"excerpt":{"rendered":"<p>AF RENT CAR MAROC b\u00e9n\u00e9ficie de la confiance de nombreux clients gr\u00e2ce \u00e0 la qualit\u00e9 de son service et \u00e0 l&#039;\u00e9coute de leurs besoins. Nous avons constitu\u00e9 notre flotte en s\u00e9lectionnant les v\u00e9hicules et les marques les plus populaires, appr\u00e9ci\u00e9s et attractifs.<\/p>","protected":false},"featured_media":7397,"comment_status":"open","ping_status":"closed","template":"","meta":{"_joinchat":[]},"product_brand":[],"product_cat":[34,44],"product_tag":[57,54,26,113,58,93,92,112,91],"class_list":{"0":"post-7395","1":"product","2":"type-product","3":"status-publish","4":"has-post-thumbnail","6":"product_cat-sports","7":"product_cat-volkswagen","8":"product_tag-accent","9":"product_tag-af-rent-car-maroc","10":"product_tag-car-rental","11":"product_tag-golf-8","12":"product_tag-location-de-voiture","13":"product_tag-t-roc","14":"product_tag-volkswagen","15":"product_tag-volkswagen-golf-8","16":"product_tag-volkswagen-t-roc","18":"first","19":"instock","20":"shipping-taxable","21":"purchasable","22":"product-type-ovabrw_car_rental","23":"add-to-wishlist-after_add_to_cart"},"_links":{"self":[{"href":"https:\/\/afrentcar.com\/fr\/wp-json\/wp\/v2\/product\/7395","targetHints":{"allow":["GET"]}}],"collection":[{"href":"https:\/\/afrentcar.com\/fr\/wp-json\/wp\/v2\/product"}],"about":[{"href":"https:\/\/afrentcar.com\/fr\/wp-json\/wp\/v2\/types\/product"}],"replies":[{"embeddable":true,"href":"https:\/\/afrentcar.com\/fr\/wp-json\/wp\/v2\/comments?post=7395"}],"wp:featuredmedia":[{"embeddable":true,"href":"https:\/\/afrentcar.com\/fr\/wp-json\/wp\/v2\/media\/7397"}],"wp:attachment":[{"href":"https:\/\/afrentcar.com\/fr\/wp-json\/wp\/v2\/media?parent=7395"}],"wp:term":[{"taxonomy":"product_brand","embeddable":true,"href":"https:\/\/afrentcar.com\/fr\/wp-json\/wp\/v2\/product_brand?post=7395"},{"taxonomy":"product_cat","embeddable":true,"href":"https:\/\/afrentcar.com\/fr\/wp-json\/wp\/v2\/product_cat?post=7395"},{"taxonomy":"product_tag","embeddable":true,"href":"https:\/\/afrentcar.com\/fr\/wp-json\/wp\/v2\/product_tag?post=7395"}],"curies":[{"name":"wp","href":"https:\/\/api.w.org\/{rel}","templated":true}]}}