{"id":7330,"date":"2024-05-27T21:33:29","date_gmt":"2024-05-27T21:33:29","guid":{"rendered":"https:\/\/afrentcar.com\/?post_type=product&#038;p=7330"},"modified":"2025-05-01T14:32:29","modified_gmt":"2025-05-01T14:32:29","slug":"audi-q8","status":"publish","type":"product","link":"https:\/\/afrentcar.com\/fr\/produit\/audi-q8\/","title":{"rendered":"AUDI Q8"},"content":{"rendered":"<p>AF RENT CAR MAROC b\u00e9n\u00e9ficie de la confiance de nombreux clients gr\u00e2ce \u00e0 la qualit\u00e9 de son service et \u00e0 l&#039;\u00e9coute de leurs besoins. Nous avons constitu\u00e9 notre flotte en s\u00e9lectionnant les v\u00e9hicules et les marques les plus populaires, appr\u00e9ci\u00e9s et attractifs.<\/p>","protected":false},"excerpt":{"rendered":"<p>AF RENT CAR MAROC b\u00e9n\u00e9ficie de la confiance de nombreux clients gr\u00e2ce \u00e0 la qualit\u00e9 de son service et \u00e0 l&#039;\u00e9coute de leurs besoins. Nous avons constitu\u00e9 notre flotte en s\u00e9lectionnant les v\u00e9hicules et les marques les plus populaires, appr\u00e9ci\u00e9s et attractifs.<\/p>","protected":false},"featured_media":7331,"comment_status":"open","ping_status":"closed","template":"","meta":{"_joinchat":[]},"product_brand":[],"product_cat":[47,35],"product_tag":[54,105,106,107,26,58,108],"class_list":{"0":"post-7330","1":"product","2":"type-product","3":"status-publish","4":"has-post-thumbnail","6":"product_cat-audi","7":"product_cat-suv","8":"product_tag-af-rent-car-maroc","9":"product_tag-audi","10":"product_tag-audi-q8","11":"product_tag-audi-q8-s-line","12":"product_tag-car-rental","13":"product_tag-location-de-voiture","14":"product_tag-rent-audi-q8","16":"first","17":"instock","18":"shipping-taxable","19":"purchasable","20":"product-type-ovabrw_car_rental","21":"add-to-wishlist-after_add_to_cart"},"_links":{"self":[{"href":"https:\/\/afrentcar.com\/fr\/wp-json\/wp\/v2\/product\/7330","targetHints":{"allow":["GET"]}}],"collection":[{"href":"https:\/\/afrentcar.com\/fr\/wp-json\/wp\/v2\/product"}],"about":[{"href":"https:\/\/afrentcar.com\/fr\/wp-json\/wp\/v2\/types\/product"}],"replies":[{"embeddable":true,"href":"https:\/\/afrentcar.com\/fr\/wp-json\/wp\/v2\/comments?post=7330"}],"wp:featuredmedia":[{"embeddable":true,"href":"https:\/\/afrentcar.com\/fr\/wp-json\/wp\/v2\/media\/7331"}],"wp:attachment":[{"href":"https:\/\/afrentcar.com\/fr\/wp-json\/wp\/v2\/media?parent=7330"}],"wp:term":[{"taxonomy":"product_brand","embeddable":true,"href":"https:\/\/afrentcar.com\/fr\/wp-json\/wp\/v2\/product_brand?post=7330"},{"taxonomy":"product_cat","embeddable":true,"href":"https:\/\/afrentcar.com\/fr\/wp-json\/wp\/v2\/product_cat?post=7330"},{"taxonomy":"product_tag","embeddable":true,"href":"https:\/\/afrentcar.com\/fr\/wp-json\/wp\/v2\/product_tag?post=7330"}],"curies":[{"name":"wp","href":"https:\/\/api.w.org\/{rel}","templated":true}]}}