{"id":7293,"date":"2024-05-27T01:09:16","date_gmt":"2024-05-27T01:09:16","guid":{"rendered":"https:\/\/afrentcar.com\/?post_type=product&#038;p=7293"},"modified":"2025-05-01T14:35:21","modified_gmt":"2025-05-01T14:35:21","slug":"range-sport","status":"publish","type":"product","link":"https:\/\/afrentcar.com\/fr\/produit\/range-sport\/","title":{"rendered":"RANGE ROVER"},"content":{"rendered":"<p>AF RENT CAR MAROC b\u00e9n\u00e9ficie de la confiance de nombreux clients gr\u00e2ce \u00e0 la qualit\u00e9 de son service et \u00e0 l&#039;\u00e9coute de leurs besoins. Nous avons constitu\u00e9 notre flotte en s\u00e9lectionnant les v\u00e9hicules et les marques les plus populaires, appr\u00e9ci\u00e9s et attractifs.<\/p>","protected":false},"excerpt":{"rendered":"<p>AF RENT CAR MAROC b\u00e9n\u00e9ficie de la confiance de nombreux clients gr\u00e2ce \u00e0 la qualit\u00e9 de son service et \u00e0 l&#039;\u00e9coute de leurs besoins. Nous avons constitu\u00e9 notre flotte en s\u00e9lectionnant les v\u00e9hicules et les marques les plus populaires, appr\u00e9ci\u00e9s et attractifs.<\/p>","protected":false},"featured_media":7363,"comment_status":"open","ping_status":"closed","template":"","meta":{"_joinchat":[]},"product_brand":[],"product_cat":[35],"product_tag":[54,26,81,58,82,80],"class_list":{"0":"post-7293","1":"product","2":"type-product","3":"status-publish","4":"has-post-thumbnail","6":"product_cat-suv","7":"product_tag-af-rent-car-maroc","8":"product_tag-car-rental","9":"product_tag-land-rover","10":"product_tag-location-de-voiture","11":"product_tag-location-range-sport","12":"product_tag-range-sport","14":"first","15":"instock","16":"shipping-taxable","17":"purchasable","18":"product-type-ovabrw_car_rental","19":"add-to-wishlist-after_add_to_cart"},"_links":{"self":[{"href":"https:\/\/afrentcar.com\/fr\/wp-json\/wp\/v2\/product\/7293","targetHints":{"allow":["GET"]}}],"collection":[{"href":"https:\/\/afrentcar.com\/fr\/wp-json\/wp\/v2\/product"}],"about":[{"href":"https:\/\/afrentcar.com\/fr\/wp-json\/wp\/v2\/types\/product"}],"replies":[{"embeddable":true,"href":"https:\/\/afrentcar.com\/fr\/wp-json\/wp\/v2\/comments?post=7293"}],"wp:featuredmedia":[{"embeddable":true,"href":"https:\/\/afrentcar.com\/fr\/wp-json\/wp\/v2\/media\/7363"}],"wp:attachment":[{"href":"https:\/\/afrentcar.com\/fr\/wp-json\/wp\/v2\/media?parent=7293"}],"wp:term":[{"taxonomy":"product_brand","embeddable":true,"href":"https:\/\/afrentcar.com\/fr\/wp-json\/wp\/v2\/product_brand?post=7293"},{"taxonomy":"product_cat","embeddable":true,"href":"https:\/\/afrentcar.com\/fr\/wp-json\/wp\/v2\/product_cat?post=7293"},{"taxonomy":"product_tag","embeddable":true,"href":"https:\/\/afrentcar.com\/fr\/wp-json\/wp\/v2\/product_tag?post=7293"}],"curies":[{"name":"wp","href":"https:\/\/api.w.org\/{rel}","templated":true}]}}