{"id":7286,"date":"2024-05-27T00:57:20","date_gmt":"2024-05-27T00:57:20","guid":{"rendered":"https:\/\/afrentcar.com\/?post_type=product&#038;p=7286"},"modified":"2024-05-27T01:01:41","modified_gmt":"2024-05-27T01:01:41","slug":"hyundai-grand-i10","status":"publish","type":"product","link":"https:\/\/afrentcar.com\/fr\/produit\/hyundai-grand-i10\/","title":{"rendered":"HYUNDAI GRAND I10"},"content":{"rendered":"<p>AF RENT CAR MAROC b\u00e9n\u00e9ficie de la confiance de nombreux clients gr\u00e2ce \u00e0 la qualit\u00e9 de son service et \u00e0 l&#039;\u00e9coute de leurs besoins. Nous avons constitu\u00e9 notre flotte en s\u00e9lectionnant les v\u00e9hicules et les marques les plus populaires, appr\u00e9ci\u00e9s et attractifs.<\/p>","protected":false},"excerpt":{"rendered":"<p>AF RENT CAR MAROC b\u00e9n\u00e9ficie de la confiance de nombreux clients gr\u00e2ce \u00e0 la qualit\u00e9 de son service et \u00e0 l&#039;\u00e9coute de leurs besoins. Nous avons constitu\u00e9 notre flotte en s\u00e9lectionnant les v\u00e9hicules et les marques les plus populaires, appr\u00e9ci\u00e9s et attractifs.<\/p>","protected":false},"featured_media":7287,"comment_status":"open","ping_status":"closed","template":"","meta":{"_joinchat":[]},"product_brand":[],"product_cat":[45],"product_tag":[54,73,56,74,58],"class_list":{"0":"post-7286","1":"product","2":"type-product","3":"status-publish","4":"has-post-thumbnail","6":"product_cat-hyundai","7":"product_tag-af-rent-car-maroc","8":"product_tag-grand-i10","9":"product_tag-hyundai","10":"product_tag-hyundai-grand-i10","11":"product_tag-location-de-voiture","13":"first","14":"instock","15":"shipping-taxable","16":"purchasable","17":"product-type-ovabrw_car_rental","18":"add-to-wishlist-after_add_to_cart"},"_links":{"self":[{"href":"https:\/\/afrentcar.com\/fr\/wp-json\/wp\/v2\/product\/7286","targetHints":{"allow":["GET"]}}],"collection":[{"href":"https:\/\/afrentcar.com\/fr\/wp-json\/wp\/v2\/product"}],"about":[{"href":"https:\/\/afrentcar.com\/fr\/wp-json\/wp\/v2\/types\/product"}],"replies":[{"embeddable":true,"href":"https:\/\/afrentcar.com\/fr\/wp-json\/wp\/v2\/comments?post=7286"}],"wp:featuredmedia":[{"embeddable":true,"href":"https:\/\/afrentcar.com\/fr\/wp-json\/wp\/v2\/media\/7287"}],"wp:attachment":[{"href":"https:\/\/afrentcar.com\/fr\/wp-json\/wp\/v2\/media?parent=7286"}],"wp:term":[{"taxonomy":"product_brand","embeddable":true,"href":"https:\/\/afrentcar.com\/fr\/wp-json\/wp\/v2\/product_brand?post=7286"},{"taxonomy":"product_cat","embeddable":true,"href":"https:\/\/afrentcar.com\/fr\/wp-json\/wp\/v2\/product_cat?post=7286"},{"taxonomy":"product_tag","embeddable":true,"href":"https:\/\/afrentcar.com\/fr\/wp-json\/wp\/v2\/product_tag?post=7286"}],"curies":[{"name":"wp","href":"https:\/\/api.w.org\/{rel}","templated":true}]}}