{"id":70,"date":"2024-05-23T21:07:42","date_gmt":"2024-05-23T21:07:42","guid":{"rendered":"https:\/\/afrentcar.com\/?page_id=70"},"modified":"2024-05-23T21:07:43","modified_gmt":"2024-05-23T21:07:43","slug":"cars","status":"publish","type":"page","link":"https:\/\/afrentcar.com\/fr\/cars\/","title":{"rendered":"Nos voitures"},"content":{"rendered":"<div data-elementor-type=\"wp-page\" data-elementor-id=\"70\" class=\"elementor elementor-70\">\n\t\t\t\t<div class=\"elementor-element elementor-element-42e2b29 e-flex e-con-boxed e-con e-parent\" data-id=\"42e2b29\" data-element_type=\"container\" data-e-type=\"container\">\n\t\t\t\t\t<div class=\"e-con-inner\">\n\t\t\t\t<div class=\"elementor-element elementor-element-94c450a elementor-widget elementor-widget-remons_elementor_product_search_ajax\" data-id=\"94c450a\" data-element_type=\"widget\" data-e-type=\"widget\" data-widget_type=\"remons_elementor_product_search_ajax.default\">\n\t\t\t\t<div class=\"elementor-widget-container\">\n\t\t\t\t\t\n\t\t\t<div class=\"ovabrw-product-search-ajax search-position-left\">\n\n\t\t\t\t<!-- Search Form -->\n\t\t\t\t<div class=\"ova-product-search ovabrw_wd_search\">\n\t\t\t\t\t<form class=\"product-search-form\" method=\"POST\" action=\"\" autocomplete=\"off\" autocapitalize=\"none\" data-trp-original-action=\"\">\n\t\t\t\t\t\t<div class=\"product-search-content wrap_content column1\">\n\t\t\t\t\t\t\t<h2 class=\"search-heading\">\n\t\t\t\t\t\t\t\tRechercher une voiture\t\t\t\t\t\t\t<\/h2>\n\t\t\t\t\t\t\t\t\t\t\t\t\t\t\t\t\t<div class=\"label_search ova-pickup-date\">\n\t\t\t\t\t\t\t\t\t\t\t<label class=\"field-label\">Date de prise en charge<\/label>\n\t\t\t\t\t\t\t\t\t\t\t<div class=\"input-with-icon\" style=\"position: relative;\">\n\t\t\t\t\t\t\t\t\t\t\t\t<input type=\"text\" name=\"ovabrw_pickup_date\"\n\t\t\t\t\t\t\t\t\t\t\t\t\t\tvalue=\"\" \n\t\t\t\t\t\t\t\t\t\t\t\t\t\tclass=\"ovabrw_datetimepicker ovabrw_start_date\" \n\t\t\t\t\t\t\t\t\t\t\t\t\t\tplaceholder=\"dmY\" autocomplete=\"off\" \n\t\t\t\t\t\t\t\t\t\t\t\t\t\tdata-hour_default=\"07:00\" \n\t\t\t\t\t\t\t\t\t\t\t\t\t\tdata-time_step=\"30\" \n\t\t\t\t\t\t\t\t\t\t\t\t\t\tdata-dateformat=\"d-m-Y\" \n\t\t\t\t\t\t\t\t\t\t\t\t\t\tdata-firstday=\"0\" \n\t\t\t\t\t\t\t\t\t\t\t\t\t\tonfocus=\"blur();\" \n\t\t\t\t\t\t\t\t\t\t\t\t\t\t timepicker=\"true\"\/>\n\t\t\t\t\t\t\t\t\t\t\t\t<i class=\"ova-calendar ovaicon-calendar\"><\/i>\n\t\t\t\t\t\t\t\t\t\t\t<\/div>\n\t\t\t\t\t\t\t\t\t\t<\/div>\n\t\t\t\t\t\t\t\t\t\t\t\t\t\t\t\t\t\t\t\t\t\t\t\t\t\t<div class=\"label_search ova-dropoff-date\">\n\t\t\t\t\t\t\t\t\t\t\t<label class=\"field-label\">Date de d\u00e9p\u00f4t<\/label>\n\t\t\t\t\t\t\t\t\t\t\t<div class=\"input-with-icon\" style=\"position: relative;\">\n\t\t\t\t\t\t\t\t\t\t\t\t<input type=\"text\" name=\"ovabrw_pickoff_date\" \n\t\t\t\t\t\t\t\t\t\t\t\t\tclass=\"ovabrw_datetimepicker ovabrw_end_date\" \n\t\t\t\t\t\t\t\t\t\t\t\t\tvalue=\"\" \n\t\t\t\t\t\t\t\t\t\t\t\t\tplaceholder=\"dmY\" autocomplete=\"off\" \n\t\t\t\t\t\t\t\t\t\t\t\t\tdata-hour_default=\"07:00\" \n\t\t\t\t\t\t\t\t\t\t\t\t\tdata-time_step=\"30\" \n\t\t\t\t\t\t\t\t\t\t\t\t\tdata-dateformat=\"d-m-Y\" \n\t\t\t\t\t\t\t\t\t\t\t\t\tdata-firstday=\"0\" \n\t\t\t\t\t\t\t\t\t\t\t\t\tonfocus=\"blur();\" \n\t\t\t\t\t\t\t\t\t\t\t\t\t timepicker=\"true\" \/>\n\t\t\t\t\t\t\t\t\t\t\t\t<i class=\"ova-calendar ovaicon-calendar\"><\/i>\n\t\t\t\t\t\t\t\t\t\t\t<\/div>\n\t\t\t\t\t\t\t\t\t\t<\/div>\n\t\t\t\t\t\t\t\t\t\t\t\t\t\t\t\t\t\t\t\t\t\t\t\t\t\t<div class=\"label_search ova-category\">\n\t\t\t\t\t\t\t\t\t\t\t<label class=\"field-label\">Type de voiture<\/label>\n\t\t\t\t\t\t\t\t\t\t\t<select  name='cat' id='cat' class='postform'>\n\t<option value=''>Type de voiture<\/option>\n\t<option class=\"level-0\" value=\"uncategorized\">Non class\u00e9<\/option>\n\t<option class=\"level-0\" value=\"auto-parts\">Pi\u00e8ces d\u00e9tach\u00e9es automobiles<\/option>\n\t<option class=\"level-0\" value=\"cabriolet\">Cabriolet<\/option>\n\t<option class=\"level-0\" value=\"car-wash\">Lavage de voiture<\/option>\n\t<option class=\"level-0\" value=\"jeep\">Jeep<\/option>\n\t<option class=\"level-0\" value=\"limousine\">Limousine<\/option>\n\t<option class=\"level-0\" value=\"sedan\">Sedan<\/option>\n\t<option class=\"level-0\" value=\"sports\">Sportif<\/option>\n\t<option class=\"level-0\" value=\"suv\">VUS<\/option>\n\t<option class=\"level-0\" value=\"car\">Voiture<\/option>\n\t<option class=\"level-0\" value=\"renault\">Renault<\/option>\n\t<option class=\"level-0\" value=\"rental\">De location<\/option>\n\t<option class=\"level-0\" value=\"dacia\">Dacia<\/option>\n\t<option class=\"level-0\" value=\"alfa-romeo\">Alfa Romeo<\/option>\n\t<option class=\"level-0\" value=\"volkswagen\">VOLKSWAGEN<\/option>\n\t<option class=\"level-0\" value=\"hyundai\">Hyundai<\/option>\n\t<option class=\"level-0\" value=\"land-rover\">LAND ROVER<\/option>\n\t<option class=\"level-0\" value=\"audi\">Audi<\/option>\n\t<option class=\"level-0\" value=\"mercedes\">Mercedes<\/option>\n\t<option class=\"level-0\" value=\"coupe\">Coup\u00e9<\/option>\n\t<option class=\"level-0\" value=\"kia\">KIA<\/option>\n\t<option class=\"level-0\" value=\"peugeot\">PEUGEOT<\/option>\n\t<option class=\"level-0\" value=\"skoda\">SKODA<\/option>\n\t<option class=\"level-0\" value=\"opel\">Opel<\/option>\n<\/select>\n\t\t\t\t\t\t\t\t\t\t<\/div>\n\t\t\t\t\t\t\t\t\t\t\t\t\t\t\t\t\t\t\t\t\t\t\t\t\t\t<div class=\"label_search ova-pickup-location\">\n\t\t\t\t\t\t\t\t\t\t\t<label class=\"field-label\">Lieu de prise en charge<\/label>\n\t\t\t\t\t\t\t\t\t\t\t<select name=\"ovabrw_pickup_loc\" class=\"ovabrw_pickup_loc\"><option value=\"\">S\u00e9lectionnez l&#039;emplacement<\/option><\/select>\t\t\t\t\t\t\t\t\t\t<\/div>\n\t\t\t\t\t\t\t\t\t\t\t\t\t\t\t\t\t\t\t\t\t\t\t\t\t\t<div class=\"label_search ova-quantity\">\n\t\t\t\t\t\t\t\t\t\t\t<label class=\"field-label\">Quantit\u00e9<\/label>\n\t\t\t\t\t\t\t\t\t\t\t<div class=\"quantity-button\">\n\t\t\t\t\t\t\t\t\t\t\t\t<input type=\"text\" id=\"ovabrw_quantity\" name=\"ovabrw_quantity\" class=\"ovabrw_quantity\" value=\"1\" min=\"1\">\n\t\t\t\t\t\t\t\t\t\t\t\t<div class=\"quantity-icon minus\">\n\t\t\t\t\t\t\t\t\t\t\t\t\t<i class=\"ovaicon ovaicon-minus\"><\/i>\n\t\t\t\t\t\t\t\t\t\t\t\t<\/div>\n\t\t\t\t\t\t\t\t\t\t\t\t<div class=\"quantity-icon plus\">\n\t\t\t\t\t\t\t\t\t\t\t\t\t<i class=\"ovaicon ovaicon-plus\"><\/i>\n\t\t\t\t\t\t\t\t\t\t\t\t<\/div>\n\t\t\t\t\t\t\t\t\t\t\t<\/div>\n\t\t\t\t\t\t\t\t\t\t<\/div>\n\t\t\t\t\t\t\t\t\t\t\t\t\t\t\t\t\t\t\t\t\t\t\t\t\t\t\t\t\t\t\t\t\t\t\t\t\t\t\t\t\t\t\t\t\t\t\t\t\t\t\t\n\t\t\t\t\t\t\t\t\t\t\t\t\t\t\t<div class=\"show_taxonomy\" data-show_taxonomy=\"\"><\/div>\n\t\t\t\t\t\t\t\t<input\n\t\t\t\t\t\t\t\t\ttype=\"hidden\"\n\t\t\t\t\t\t\t\t\tid=\"data_taxonomy_custom\"\n\t\t\t\t\t\t\t\t\tname=\"data_taxonomy_custom\"\n\t\t\t\t\t\t\t\t\tvalue=\"[]\"\n\t\t\t\t\t\t\t\t\/>\n\t\t\t\t\t\t\t\n\t\t\t\t\t\t\t<div class=\"product-search-submit\">\n\t\t\t                    <button class=\"ovabrw_btn_submit\" type=\"submit\">\n\t\t\t                    \tTrouver une voiture\t\t\t                    \t\t\t\t                    <\/button>\n\t\t\t                <\/div>\n\n\t\t\t\t            \t\t\t\t\t\t<\/div>      \n\t\t\t\t\t<input type=\"hidden\" name=\"trp-form-language\" value=\"fr\"\/><\/form>\n\t\t\t\t<\/div>\n\n\t\t\t\t<div class=\"wrap_search_result\">\n\n\t\t\t\t\t\t\t\t\t\t\t<div class=\"wrap_search_filter\">\n\t\t\t\t\t\t\t\t\t\t\t\t\t\t\t<div class=\"results_found\">\n\t\t\t\t\t\t\t\t\t\t\t\t\t\t\t\t\t\t<span>\n\t\t\t\t\t\t\t\t\t\t24 r\u00e9sultats trouv\u00e9s\t\t\t\t\t\t\t\t\t<\/span>\n\t\t\t\t\t\t\t\t\t\n\t\t\t\t\t\t\t\t\t\t\t\t\t\t\t\t\t\t\t<span>\n\t\t\t\t\t\t\t\t\t\t\t(Affichage 1-5)\t\t\t\t\t\t\t\t\t\t<\/span>\n\t\t\t\t\t\t\t\t\t\t\t\t\t\t\t\t\t<\/div>\n\t\t\t\t\t\t\t\n\t\t\t\t\t\t\t\t\t\t\t\t\t\t\t<div id=\"search_sort\">\n\t\t\t\t\t\t\t\t\t\t\t\t\t\t\t\t\t\t<select name=\"sort\">\n\t\t\t\t\t\t\t\t\t\t<option value=\"\">Trier par<\/option>\n\t\t\t\t\t\t\t\t\t\t<option value=\"date-desc\" selected='selected'>\n\t\t\t\t\t\t\t\t\t\t\tLe plus r\u00e9cent en premier\t\t\t\t\t\t\t\t\t\t<\/option>\n\t\t\t\t\t\t\t\t\t\t<option value=\"date-asc\">\n\t\t\t\t\t\t\t\t\t\t\tLe plus ancien en premier\t\t\t\t\t\t\t\t\t\t<\/option>\n\t\t\t\t\t\t\t\t\t\t\t\t\t\t\t\t\t\t\t\t\t<option value=\"rating\">\n\t\t\t\t\t\t\t\t\t\t\t\tNote moyenne\t\t\t\t\t\t\t\t\t\t\t<\/option>\n\t\t\t\t\t\t\t\t\t\t\t\t\t\t\t\t\t\t\t\t<option value=\"a-z\" >\n\t\t\t\t\t\t\t\t\t\t\tAZ\t\t\t\t\t\t\t\t\t\t<\/option>\n\t\t\t\t\t\t\t\t\t\t<option value=\"z-a\"  >\n\t\t\t\t\t\t\t\t\t\t\tZA\t\t\t\t\t\t\t\t\t\t<\/option>\n\t\t\t\t\t\t\t\t\t<\/select>\n\t\t\t\t\t\t\t\t<\/div>\n\t\t\t\t\t\t\t\t\t\t\t\t\t<\/div>\n\t\t\t\t\t\n\t\t\t\t\t<!-- Radius -->\n\t\t\t\t\t<div class=\"wrap_search_radius\" \n\t\t\t\t\t\tdata-map_range_radius=\"50\" \n\t\t\t\t\t\tdata-map_range_radius_min=\"0\" \n\t\t\t\t\t\tdata-map_range_radius_max=\"100\">\n\t\t\t\t\t\t<span>Rayon:<\/span>\n\t\t\t\t\t\t<span class=\"result_radius\">50 km<\/span>\n\t\t\t\t\t\t<div id=\"wrap_pointer\"><\/div>\n\t\t\t\t\t\t<input\n\t\t\t\t\t\t\ttype=\"hidden\"\n\t\t\t\t\t\t\tvalue=\"50\"\n\t\t\t\t\t\t\tname=\"radius\"\n\t\t\t\t\t\t\/>\n\t\t\t\t\t<\/div>\n\t\t\t\t\t<!-- End Radius -->\n\n\t\t\t\t\t<!-- Load more -->\n\t\t\t\t\t<div class=\"wrap_load_more\" style=\"display: none;\">\n\t\t\t\t\t\t<svg class=\"loader\" width=\"50\" height=\"50\">\n\t\t\t\t\t\t\t<circle cx=\"25\" cy=\"25\" r=\"10\" stroke=\"#FF3726\"\/>\n\t\t\t\t\t\t\t<circle cx=\"25\" cy=\"25\" r=\"20\" stroke=\"#FF3726\"\/>\n\t\t\t\t\t\t<\/svg>\n\t\t\t\t\t<\/div>\n\n\t\t\t\t\t<!-- Search result -->\n\t\t\t\t\t<div\n\t\t\t\t\t\tid=\"search_result\"\n\t\t\t\t\t\tclass=\"search_result\"\n\t\t\t\t\t\tdata-card=\"card5\"\n\t\t\t\t\t\tdata-column=\"two-column\"\n\t\t\t\t\t\tdata-order=\"DESC\"\n\t\t\t\t\t\tdata-orderby=\"date\"\n\t\t\t\t\t\tdata-per_page=\"5\"\n\t\t\t\t\t\tdata-lat=\"33.6119245\"\n\t\t\t\t\t\tdata-lng=\"-7.5302701\"\n\t\t\t\t\t>\n\t\t\t\t\t\t\t\t\t\t\t\t\t\t<div class=\"ovabrw_pagination_ajax\">\n\t\t\t\t\t\t\t\t<ul><li><span data-paged=\"1\" class=\"prev page-numbers current\" >1<\/span><\/li><li><span data-paged=\"2\" class=\"prev page-numbers\" >2<\/span><\/li><li><span data-paged=\"3\" class=\"prev page-numbers\" >3<\/span><\/li><li><span data-paged=\"4\" class=\"prev page-numbers\" >4<\/span><\/li><li><span data-paged=\"5\" class=\"prev page-numbers\" >5<\/span><\/li><li><span data-paged=\"2\" class=\"next page-numbers\" >Suivant<\/span><\/li>\t\t\t\t\t\t\t\t<\/div>\n\t\t\t\t\t\t\t\t\t\t\t\t\t<\/div>\n\t\t\t\t<\/div>\n\t\t\t<\/div>\n\n\t\t\t\t\t\t<\/div>\n\t\t\t\t<\/div>\n\t\t\t\t\t<\/div>\n\t\t\t\t<\/div>\n\t\t\t\t<\/div>","protected":false},"excerpt":{"rendered":"<p>Rechercher une voiture Date de prise en charge Date de restitution Type de voiture Type de voiture Berline Sport Jeep SUV Limousine Cabriolet Pi\u00e8ces d\u00e9tach\u00e9es auto Lavage de voiture Lieu de prise en charge S\u00e9lectionner un emplacement Houston Texas San Jose (CA) San Diego (CA) Washington Los Angeles (CA) New York Quantit\u00e9 Trouver une voiture 17 r\u00e9sultats trouv\u00e9s (Affichage 1 \u00e0 5) Trier par Plus r\u00e9cent en premier Plus ancien en premier AZ ZA Rayon : 50 km 1 2 3 4 Suivant<\/p>","protected":false},"author":1,"featured_media":0,"parent":0,"menu_order":0,"comment_status":"closed","ping_status":"closed","template":"elementor_header_footer","meta":{"_joinchat":[],"footnotes":""},"class_list":["post-70","page","type-page","status-publish","hentry"],"_links":{"self":[{"href":"https:\/\/afrentcar.com\/fr\/wp-json\/wp\/v2\/pages\/70","targetHints":{"allow":["GET"]}}],"collection":[{"href":"https:\/\/afrentcar.com\/fr\/wp-json\/wp\/v2\/pages"}],"about":[{"href":"https:\/\/afrentcar.com\/fr\/wp-json\/wp\/v2\/types\/page"}],"author":[{"embeddable":true,"href":"https:\/\/afrentcar.com\/fr\/wp-json\/wp\/v2\/users\/1"}],"replies":[{"embeddable":true,"href":"https:\/\/afrentcar.com\/fr\/wp-json\/wp\/v2\/comments?post=70"}],"version-history":[{"count":1,"href":"https:\/\/afrentcar.com\/fr\/wp-json\/wp\/v2\/pages\/70\/revisions"}],"predecessor-version":[{"id":7111,"href":"https:\/\/afrentcar.com\/fr\/wp-json\/wp\/v2\/pages\/70\/revisions\/7111"}],"wp:attachment":[{"href":"https:\/\/afrentcar.com\/fr\/wp-json\/wp\/v2\/media?parent=70"}],"curies":[{"name":"wp","href":"https:\/\/api.w.org\/{rel}","templated":true}]}}