{"id":53,"date":"2024-05-23T14:02:39","date_gmt":"2024-05-23T14:02:39","guid":{"rendered":"https:\/\/afrentcar.com\/?page_id=53"},"modified":"2024-05-23T21:01:31","modified_gmt":"2024-05-23T21:01:31","slug":"about","status":"publish","type":"page","link":"https:\/\/afrentcar.com\/fr\/about\/","title":{"rendered":"\u00c0 propos de nous"},"content":{"rendered":"<div data-elementor-type=\"wp-page\" data-elementor-id=\"53\" class=\"elementor elementor-53\">\n\t\t\t\t<div class=\"elementor-element elementor-element-338f2a4 e-flex e-con-boxed e-con e-parent\" data-id=\"338f2a4\" data-element_type=\"container\" data-e-type=\"container\" data-settings=\"{&quot;background_background&quot;:&quot;classic&quot;}\">\n\t\t\t\t\t<div class=\"e-con-inner\">\n\t\t<div class=\"elementor-element elementor-element-0bdb1f8 e-con-full e-flex e-con e-child\" data-id=\"0bdb1f8\" data-element_type=\"container\" data-e-type=\"container\" data-settings=\"{&quot;background_background&quot;:&quot;classic&quot;}\">\n\t\t\t\t<div class=\"elementor-element elementor-element-ca713cb elementor-widget elementor-widget-image\" data-id=\"ca713cb\" data-element_type=\"widget\" data-e-type=\"widget\" data-widget_type=\"image.default\">\n\t\t\t\t<div class=\"elementor-widget-container\">\n\t\t\t\t\t\t\t\t\t\t\t\t\t\t\t<img fetchpriority=\"high\" decoding=\"async\" width=\"432\" height=\"315\" src=\"https:\/\/afrentcar.com\/wp-content\/uploads\/2023\/11\/know-us-left2.jpg\" class=\"attachment-large size-large wp-image-2437\" alt=\"\" srcset=\"https:\/\/afrentcar.com\/wp-content\/uploads\/2023\/11\/know-us-left2.jpg 432w, https:\/\/afrentcar.com\/wp-content\/uploads\/2023\/11\/know-us-left2-300x219.jpg 300w\" sizes=\"(max-width: 432px) 100vw, 432px\" \/>\t\t\t\t\t\t\t\t\t\t\t\t\t\t\t<\/div>\n\t\t\t\t<\/div>\n\t\t\t\t<div class=\"elementor-element elementor-element-3ec731d elementor-hidden-mobile elementor-widget elementor-widget-image\" data-id=\"3ec731d\" data-element_type=\"widget\" data-e-type=\"widget\" data-widget_type=\"image.default\">\n\t\t\t\t<div class=\"elementor-widget-container\">\n\t\t\t\t\t\t\t\t\t\t\t\t\t\t\t<img decoding=\"async\" width=\"12\" height=\"163\" src=\"https:\/\/afrentcar.com\/wp-content\/uploads\/2023\/11\/img-line.png\" class=\"attachment-medium size-medium wp-image-1976\" alt=\"\" \/>\t\t\t\t\t\t\t\t\t\t\t\t\t\t\t<\/div>\n\t\t\t\t<\/div>\n\t\t\t\t<div class=\"elementor-element elementor-element-dd25409 elementor-absolute elementor-hidden-mobile elementor-widget elementor-widget-image\" data-id=\"dd25409\" data-element_type=\"widget\" data-e-type=\"widget\" data-settings=\"{&quot;_position&quot;:&quot;absolute&quot;}\" data-widget_type=\"image.default\">\n\t\t\t\t<div class=\"elementor-widget-container\">\n\t\t\t\t\t\t\t\t\t\t\t\t\t\t\t<img decoding=\"async\" width=\"446\" height=\"347\" src=\"https:\/\/afrentcar.com\/wp-content\/uploads\/2023\/11\/know-us-left1.jpg\" class=\"attachment-large size-large wp-image-2436\" alt=\"\" srcset=\"https:\/\/afrentcar.com\/wp-content\/uploads\/2023\/11\/know-us-left1.jpg 446w, https:\/\/afrentcar.com\/wp-content\/uploads\/2023\/11\/know-us-left1-300x233.jpg 300w\" sizes=\"(max-width: 446px) 100vw, 446px\" \/>\t\t\t\t\t\t\t\t\t\t\t\t\t\t\t<\/div>\n\t\t\t\t<\/div>\n\t\t\t\t<\/div>\n\t\t<div class=\"elementor-element elementor-element-0a6bdc6 e-con-full e-flex e-con e-child\" data-id=\"0a6bdc6\" data-element_type=\"container\" data-e-type=\"container\">\n\t\t\t\t<div class=\"elementor-element elementor-element-d9724b5 elementor-widget elementor-widget-remons_elementor_heading\" data-id=\"d9724b5\" data-element_type=\"widget\" data-e-type=\"widget\" data-widget_type=\"remons_elementor_heading.default\">\n\t\t\t\t<div class=\"elementor-widget-container\">\n\t\t\t\t\t\n\t\t<div class=\"ova-heading\">\n            \n            <div class=\"top-heading\">\n\n            \t\t\t\t\t\t<div class=\"sub-title-wrapper top\">\n\t\t\t\t\t\t\t\t\t\t\t\t\t\t\t\t\t\t\t\t\t\t\t\t\t<p class=\"sub-title\">\u00c0 propos d&#039;af rent car maroc<\/p>\n\t\t\t\t\t\t\t\t\t\t\t<\/div>\n\t\t\t\t\n\t\t\t\t\n\t\t\t\t\t<div class=\"title-wrapper\" style=\"position: relative;\">\n\t\t\t\t\t\t\n\t\t\t\t\t\t\t<h2 class=\"title\">Apprenez \u00e0 nous conna\u00eetre<\/h2>\n\n\t\t\t\t\t\t\n\t\t\t\t\t\t\t\t\t\t\t<\/div>\n\n\t\t\t\t\n            <\/div>\n\n\t\t\t\n\t\t<\/div>\n\t\t \t\n\t\t\t\t\t\t<\/div>\n\t\t\t\t<\/div>\n\t\t\t\t<div class=\"elementor-element elementor-element-91ba0a3 elementor-position-inline-start elementor-view-default elementor-widget elementor-widget-icon-box\" data-id=\"91ba0a3\" data-element_type=\"widget\" data-e-type=\"widget\" data-widget_type=\"icon-box.default\">\n\t\t\t\t<div class=\"elementor-widget-container\">\n\t\t\t\t\t\t\t<div class=\"elementor-icon-box-wrapper\">\n\n\t\t\t\t\t\t<div class=\"elementor-icon-box-icon\">\n\t\t\t\t<span  class=\"elementor-icon\">\n\t\t\t\t<svg xmlns=\"http:\/\/www.w3.org\/2000\/svg\" xmlns:xlink=\"http:\/\/www.w3.org\/1999\/xlink\" width=\"62\" height=\"62\" viewbox=\"0 0 62 62\"><image id=\"_2910356\" data-name=\"2910356\" width=\"62\" height=\"62\" xlink:href=\"data:img\/png;base64,iVBORw0KGgoAAAANSUhEUgAAAD4AAAA+CAYAAABzwahEAAAHWklEQVRogeVbaWxVRRT+yiIBWpGlEoRqjAIVQ\/CHbEIBccEF3GKiARFCU+JGVKwiSjRuiXFDLFhFNKIx1oBiU6kLqCAgP4wrgiIa0SqblaVQf7D0mUO+IeO8O\/fO3HffaytfcjP3zX7mnDPnzJn78lJD+10G4EUAfZBd\/AFgOoD3szyOE4TwuhwQrSBjnZqjsULRTiM6L8tjpQAUZXkMZ7RpKRPJNXwJF44tBdDA5x0A\/Vsj4aLjKfUeUVeI\/gZANyN\/N4BB3LzC4DpOTuDD8bkkupaLUMQdWvKeaQnE+MCH4yLaBSRYcVfef2dZl4j2rZbjqZhlLRI+hCvHY6Em6guNslYDH1E\/HcAWAG2N\/CMA+gL4NaJ9qxT13gCqAogG894E0CvhuWUVLoR3ALAMwBC6nNcCOJHPNQA2AxjKOh3+T4RPBTCYRJ8D4G0A+\/kIsedxlxfib8zBnBOBC+FTmN5JZ8WE5M006iYBUaFJANZykVMxnj8BPA7gBHM+LpubENaVor3fUkfK9rFud0sdn82tOx2lIQktohA\/W89w4XhXpg0hK76PdUx3Ng46AfiYRG8FMJmba16Mp4Tjp6lguwQmmjTK6fv\/BGAkgL8y6H8t01PMAhfCc2V3hdN38QH3lEyIDkVL4Xh3ivcg\/hYT+UE2BwzScVN\/bfmuTxTaciNT4n05gAEAmoxxE0VL4Pj12kYmm9GuXAwaxHFz9zTzd\/L3CG3X3Bmy40bhFpY\/YBA9HsCnyZNMYjwOKQpmfdf2tnriG+TTZG1j3hwADxt1S7Rd2geB47rouE3nXdtFQXlVagcfA+ARAIcB3A2gkvlrHOZmemrtmR4059ASdFycn0IAnQHsBfAg88XTepqT\/4fucI+IvsRez+IizGbECJqDdQwuOu6qs3F1XE1KubqDmb7G9BCdmkKHuZmemupzrwvhucZvHO9Mpp2ZxnFeTE9N9bnVrBgk6nFt5g62XczfU2ijF5sHBAPfAbgAwHOWYMY62vQSS3tbuZwttvP9e7NRkjrek+ksI7+cG5UNm5jfz1LeFMEMW3mBpuObzMIkdXyEser679u1\/CeMBb+Yaa3lbk36GBUyrq28SAuCXmQWZsOO237reBLAPfxdz01IxeszDUrq7VXc\/2\/TIuRyc9MlYKqWnxYdyQLSVDqXhH+u7bqFWv5KpgsTvkbW4\/4rzUKT8KsAfE2HQWLoi4zbUFW\/CclhNkNWl1IsfYlLBdlp9nUJ+06zKjrhV\/DaVyKpHWkDSwFspBtYqInojwkSvplH0iU0QQr5Ee2COFqglTcwIjyMTPwPgj4FuR\/AswBOA3ArgJsCLhJkQV7he9zNzrZ5redkxxqnM5tJ260RN5YBjfUMe1vRhh\/k1GkVqinqPwC4jR2sANBIe6gTnQ3Uss+ZEX0HcVS1WR41L+G4en8XwJXUl0naBJJGFMe7UZUKeTx9zHH8OTzVyZm+GMCesMq6jt9AHT8JQA1Fvjku+ER0y3g4eZRzGWvR+XyWvUeiD7FtKNEwOA4Seh+DALIob3FBwlxOX7g6KBOoUlFHUQVxhKZxoSJhmrMURWsCRf46LRCQa9Tw+nmdw7jrWNeJaIQ4MLUUoQPczIYlRLSyDkci6hXwdFdJ8wpKYXvtzNCeeWCd+WRU1CcpR2GKuomHGASsoZ3PFD14zq43vDeFbtxbSi0EbKHeg5tZ34A6DTzizrVccjoR3oOH+E6MjHyZIeEjGTuTfs41yibz6yml0we4ed1M8xpEqFoIcbhe0NqAG1wZTV4aonx14czzFK1FCRwo1CHlCy1PDhAVDDUJ0R9ykeexXDy0TwBsCOhvA8uUjz+PMfoVvOxcShVI+5IjiuNgKOhbAGcAeIOciRulkWjLQMbMl3PhXwcwkVy9A8BLrHs1zWsdiVCcrGA6g2kjRbqIX2gsI6PK6IGKNLxK9Tl2xnA5nTXy848GOjZVFH1fjCfR28hVULQn0oKM04gWfMW0iEQr7\/KwZl7ryBjFcaWKKfrx4xjMlDPGU\/p8XTiuMIreXVe36laIG7yAJrOaRJxvMVu7GESYQf1db5QPJ+HzGcw4OaCPEvrvolJyWvsInufxzzjZTFFN8aukSJaH2OpSntxWWryxPdot6zRLH2t4MSFjvayiuL6BiI5M18b4OkEFIfqTg70pmvNDxqvRbkHGMK3io+cdpNtqQwVVp49aIF\/CBzDd6NlObzOQx13BvR5BDUXkaj56XhSatGCEnODa+YaXz2aaFq51gGoznX\/P+Jli6orRrLdKqz\/ao72YuF9onYY3B8fPYrrEwywW87JhByM2m\/nei2UukLGWsN6FcQnPhOMK5oYWdruqc1vVW2WUmQjqT41Z4kN4L\/rSu7WrGR9sN3xnH6nR9RvGu6ue62P29iFc6XccMVfQue5zKahuSnT9juJ4EOqZ19OH8EzEXEFftEbHNsW8\/VT6rRBHz9WXmV2ak+OuUKK8ytBZFz23ojk57gpF1OqA+nH0\/Cj0S8PjCsfnPw0B\/AuPmvpjZUC0+wAAAABJRU5ErkJggg==\"><\/image><\/svg>\t\t\t\t<\/span>\n\t\t\t<\/div>\n\t\t\t\n\t\t\t\t\t\t<div class=\"elementor-icon-box-content\">\n\n\t\t\t\t\t\t\t\t\t<h3 class=\"elementor-icon-box-title\">\n\t\t\t\t\t\t<span  >\n\t\t\t\t\t\t\tDes milliers de personnes nous font confiance\t\t\t\t\t\t<\/span>\n\t\t\t\t\t<\/h3>\n\t\t\t\t\n\t\t\t\t\t\t\t\t\t<p class=\"elementor-icon-box-description\">\n\t\t\t\t\t\tAF RENT CAR b\u00e9n\u00e9ficie de la confiance de nombreux clients en raison de notre haute qualit\u00e9 de service et de notre respect de leurs besoins.\t\t\t\t\t<\/p>\n\t\t\t\t\n\t\t\t<\/div>\n\t\t\t\n\t\t<\/div>\n\t\t\t\t\t\t<\/div>\n\t\t\t\t<\/div>\n\t\t\t\t<div class=\"elementor-element elementor-element-708bf1e elementor-icon-list--layout-traditional elementor-list-item-link-full_width elementor-widget elementor-widget-icon-list\" data-id=\"708bf1e\" data-element_type=\"widget\" data-e-type=\"widget\" data-widget_type=\"icon-list.default\">\n\t\t\t\t<div class=\"elementor-widget-container\">\n\t\t\t\t\t\t\t<ul class=\"elementor-icon-list-items\">\n\t\t\t\t\t\t\t<li class=\"elementor-icon-list-item\">\n\t\t\t\t\t\t\t\t\t\t\t<span class=\"elementor-icon-list-icon\">\n\t\t\t\t\t\t\t<svg aria-hidden=\"true\" class=\"e-font-icon-svg e-fas-long-arrow-alt-right\" viewbox=\"0 0 448 512\" xmlns=\"http:\/\/www.w3.org\/2000\/svg\"><path d=\"M313.941 216H12c-6.627 0-12 5.373-12 12v56c0 6.627 5.373 12 12 12h301.941v46.059c0 21.382 25.851 32.09 40.971 16.971l86.059-86.059c9.373-9.373 9.373-24.569 0-33.941l-86.059-86.059c-15.119-15.119-40.971-4.411-40.971 16.971V216z\"><\/path><\/svg>\t\t\t\t\t\t<\/span>\n\t\t\t\t\t\t\t\t\t\t<span class=\"elementor-icon-list-text\">Meilleure qualit\u00e9<\/span>\n\t\t\t\t\t\t\t\t\t<\/li>\n\t\t\t\t\t\t\t\t<li class=\"elementor-icon-list-item\">\n\t\t\t\t\t\t\t\t\t\t\t<span class=\"elementor-icon-list-icon\">\n\t\t\t\t\t\t\t<svg aria-hidden=\"true\" class=\"e-font-icon-svg e-fas-long-arrow-alt-right\" viewbox=\"0 0 448 512\" xmlns=\"http:\/\/www.w3.org\/2000\/svg\"><path d=\"M313.941 216H12c-6.627 0-12 5.373-12 12v56c0 6.627 5.373 12 12 12h301.941v46.059c0 21.382 25.851 32.09 40.971 16.971l86.059-86.059c9.373-9.373 9.373-24.569 0-33.941l-86.059-86.059c-15.119-15.119-40.971-4.411-40.971 16.971V216z\"><\/path><\/svg>\t\t\t\t\t\t<\/span>\n\t\t\t\t\t\t\t\t\t\t<span class=\"elementor-icon-list-text\">Meilleurs prix<\/span>\n\t\t\t\t\t\t\t\t\t<\/li>\n\t\t\t\t\t\t\t\t<li class=\"elementor-icon-list-item\">\n\t\t\t\t\t\t\t\t\t\t\t<span class=\"elementor-icon-list-icon\">\n\t\t\t\t\t\t\t<svg aria-hidden=\"true\" class=\"e-font-icon-svg e-fas-long-arrow-alt-right\" viewbox=\"0 0 448 512\" xmlns=\"http:\/\/www.w3.org\/2000\/svg\"><path d=\"M313.941 216H12c-6.627 0-12 5.373-12 12v56c0 6.627 5.373 12 12 12h301.941v46.059c0 21.382 25.851 32.09 40.971 16.971l86.059-86.059c9.373-9.373 9.373-24.569 0-33.941l-86.059-86.059c-15.119-15.119-40.971-4.411-40.971 16.971V216z\"><\/path><\/svg>\t\t\t\t\t\t<\/span>\n\t\t\t\t\t\t\t\t\t\t<span class=\"elementor-icon-list-text\">Assurance et suivi<\/span>\n\t\t\t\t\t\t\t\t\t<\/li>\n\t\t\t\t\t\t\t\t<li class=\"elementor-icon-list-item\">\n\t\t\t\t\t\t\t\t\t\t\t<span class=\"elementor-icon-list-icon\">\n\t\t\t\t\t\t\t<svg aria-hidden=\"true\" class=\"e-font-icon-svg e-fas-long-arrow-alt-right\" viewbox=\"0 0 448 512\" xmlns=\"http:\/\/www.w3.org\/2000\/svg\"><path d=\"M313.941 216H12c-6.627 0-12 5.373-12 12v56c0 6.627 5.373 12 12 12h301.941v46.059c0 21.382 25.851 32.09 40.971 16.971l86.059-86.059c9.373-9.373 9.373-24.569 0-33.941l-86.059-86.059c-15.119-15.119-40.971-4.411-40.971 16.971V216z\"><\/path><\/svg>\t\t\t\t\t\t<\/span>\n\t\t\t\t\t\t\t\t\t\t<span class=\"elementor-icon-list-text\">Des milliers de personnes nous font confiance<\/span>\n\t\t\t\t\t\t\t\t\t<\/li>\n\t\t\t\t\t\t<\/ul>\n\t\t\t\t\t\t<\/div>\n\t\t\t\t<\/div>\n\t\t\t\t<div class=\"elementor-element elementor-element-fdc99d6 elementor-widget elementor-widget-button\" data-id=\"fdc99d6\" data-element_type=\"widget\" data-e-type=\"widget\" data-widget_type=\"button.default\">\n\t\t\t\t<div class=\"elementor-widget-container\">\n\t\t\t\t\t\t\t\t\t<div class=\"elementor-button-wrapper\">\n\t\t\t\t\t<a class=\"elementor-button elementor-button-link elementor-size-sm\" href=\"\/fr\/cars\/\">\n\t\t\t\t\t\t<span class=\"elementor-button-content-wrapper\">\n\t\t\t\t\t\t\t\t\t<span class=\"elementor-button-text\">En savoir plus<\/span>\n\t\t\t\t\t<\/span>\n\t\t\t\t\t<\/a>\n\t\t\t\t<\/div>\n\t\t\t\t\t\t\t\t<\/div>\n\t\t\t\t<\/div>\n\t\t\t\t<\/div>\n\t\t\t\t\t<\/div>\n\t\t\t\t<\/div>\n\t\t<div class=\"elementor-element elementor-element-0095533 e-flex e-con-boxed e-con e-parent\" data-id=\"0095533\" data-element_type=\"container\" data-e-type=\"container\" data-settings=\"{&quot;background_background&quot;:&quot;classic&quot;}\">\n\t\t\t\t\t<div class=\"e-con-inner\">\n\t\t<div class=\"elementor-element elementor-element-f8d848d e-con-full e-flex e-con e-child\" data-id=\"f8d848d\" data-element_type=\"container\" data-e-type=\"container\">\n\t\t\t\t<div class=\"elementor-element elementor-element-d99b0a4 elementor-widget elementor-widget-remons_elementor_heading\" data-id=\"d99b0a4\" data-element_type=\"widget\" data-e-type=\"widget\" data-widget_type=\"remons_elementor_heading.default\">\n\t\t\t\t<div class=\"elementor-widget-container\">\n\t\t\t\t\t\n\t\t<div class=\"ova-heading\">\n            \n            <div class=\"top-heading\">\n\n            \t\t\t\t\t\t<div class=\"sub-title-wrapper top\">\n\t\t\t\t\t\t\t\t\t\t\t\t\t\t\t\t\t\t\t\t\t\t\t\t\t<p class=\"sub-title\">Faits importants<\/p>\n\t\t\t\t\t\t\t\t\t\t\t<\/div>\n\t\t\t\t\n\t\t\t\t\n\t\t\t\t\t<div class=\"title-wrapper\" style=\"position: relative;\">\n\t\t\t\t\t\t\n\t\t\t\t\t\t\t<h2 class=\"title\">Gagnez du temps et obtenez les meilleurs services de location<\/h2>\n\n\t\t\t\t\t\t\n\t\t\t\t\t\t\t\t\t\t\t<\/div>\n\n\t\t\t\t\n            <\/div>\n\n\t\t\t\n\t\t<\/div>\n\t\t \t\n\t\t\t\t\t\t<\/div>\n\t\t\t\t<\/div>\n\t\t\t\t<\/div>\n\t\t<div class=\"elementor-element elementor-element-484848d e-con-full e-flex e-con e-child\" data-id=\"484848d\" data-element_type=\"container\" data-e-type=\"container\">\n\t\t<div class=\"elementor-element elementor-element-d9c5ae9 e-flex e-con-boxed e-con e-child\" data-id=\"d9c5ae9\" data-element_type=\"container\" data-e-type=\"container\">\n\t\t\t\t\t<div class=\"e-con-inner\">\n\t\t\t\t<div class=\"elementor-element elementor-element-671849e elementor-widget elementor-widget-remons_elementor_counter\" data-id=\"671849e\" data-element_type=\"widget\" data-e-type=\"widget\" data-widget_type=\"remons_elementor_counter.default\">\n\t\t\t\t<div class=\"elementor-widget-container\">\n\t\t\t\t\t           \n           <div class=\"ova-counter ova-counter-template2\" \n                data-count=\"100\">\n        \n                                \t<div class=\"icon\">\n\t            \t    <i aria-hidden=\"true\" class=\"flaticon flaticon-sports-car\"><\/i>\t\n\t            \t<\/div>\n\t            \n\t                        \n\t            <div class=\"counter-content\">\n\t\t \t\t\t\n\t\t \t\t\t<div class=\"counter-wrap\">\n\t\t \t\t\t\t<span class=\"odometer\">0<\/span><span class=\"suffix\">+<\/span>\n\t\t \t\t\t<\/div>\n\t\t\t\t\t\n\t\t      \t    \t\t\t\t\t\t<h4 class=\"title\">\n\t\t\t\t\t\t\tVoitures\t\t\t\t\t\t<\/h4>\n\t\t\t\t\t\n\t            <\/div>\n\n           <\/div>\n\t\t \t\n\t\t\t\t\t\t<\/div>\n\t\t\t\t<\/div>\n\t\t\t\t\t<\/div>\n\t\t\t\t<\/div>\n\t\t<div class=\"elementor-element elementor-element-b448701 e-flex e-con-boxed e-con e-child\" data-id=\"b448701\" data-element_type=\"container\" data-e-type=\"container\">\n\t\t\t\t\t<div class=\"e-con-inner\">\n\t\t\t\t<div class=\"elementor-element elementor-element-eb90ae7 elementor-widget elementor-widget-remons_elementor_counter\" data-id=\"eb90ae7\" data-element_type=\"widget\" data-e-type=\"widget\" data-widget_type=\"remons_elementor_counter.default\">\n\t\t\t\t<div class=\"elementor-widget-container\">\n\t\t\t\t\t           \n           <div class=\"ova-counter ova-counter-template2\" \n                data-count=\"10\">\n        \n                                \t<div class=\"icon\">\n\t            \t    <i aria-hidden=\"true\" class=\"flaticon flaticon-building\"><\/i>\t\n\t            \t<\/div>\n\t            \n\t                        \n\t            <div class=\"counter-content\">\n\t\t \t\t\t\n\t\t \t\t\t<div class=\"counter-wrap\">\n\t\t \t\t\t\t<span class=\"odometer\">0<\/span><span class=\"suffix\">+<\/span>\n\t\t \t\t\t<\/div>\n\t\t\t\t\t\n\t\t      \t    \t\t\t\t\t\t<h4 class=\"title\">\n\t\t\t\t\t\t\tDes ann\u00e9es d&#039;exp\u00e9rience\t\t\t\t\t\t<\/h4>\n\t\t\t\t\t\n\t            <\/div>\n\n           <\/div>\n\t\t \t\n\t\t\t\t\t\t<\/div>\n\t\t\t\t<\/div>\n\t\t\t\t\t<\/div>\n\t\t\t\t<\/div>\n\t\t<div class=\"elementor-element elementor-element-2ece3ee e-flex e-con-boxed e-con e-child\" data-id=\"2ece3ee\" data-element_type=\"container\" data-e-type=\"container\">\n\t\t\t\t\t<div class=\"e-con-inner\">\n\t\t\t\t<div class=\"elementor-element elementor-element-7241c96 elementor-widget elementor-widget-remons_elementor_counter\" data-id=\"7241c96\" data-element_type=\"widget\" data-e-type=\"widget\" data-widget_type=\"remons_elementor_counter.default\">\n\t\t\t\t<div class=\"elementor-widget-container\">\n\t\t\t\t\t           \n           <div class=\"ova-counter ova-counter-template2\" \n                data-count=\"1000\">\n        \n                                \t<div class=\"icon\">\n\t            \t    <i aria-hidden=\"true\" class=\"flaticon flaticon-like\"><\/i>\t\n\t            \t<\/div>\n\t            \n\t                        \n\t            <div class=\"counter-content\">\n\t\t \t\t\t\n\t\t \t\t\t<div class=\"counter-wrap\">\n\t\t \t\t\t\t<span class=\"odometer\">0<\/span><span class=\"suffix\">+<\/span>\n\t\t \t\t\t<\/div>\n\t\t\t\t\t\n\t\t      \t    \t\t\t\t\t\t<h4 class=\"title\">\n\t\t\t\t\t\t\tClients satisfaits\t\t\t\t\t\t<\/h4>\n\t\t\t\t\t\n\t            <\/div>\n\n           <\/div>\n\t\t \t\n\t\t\t\t\t\t<\/div>\n\t\t\t\t<\/div>\n\t\t\t\t\t<\/div>\n\t\t\t\t<\/div>\n\t\t\t\t<\/div>\n\t\t\t\t\t<\/div>\n\t\t\t\t<\/div>\n\t\t<div class=\"elementor-element elementor-element-a0069e8 e-flex e-con-boxed e-con e-parent\" data-id=\"a0069e8\" data-element_type=\"container\" data-e-type=\"container\">\n\t\t\t\t\t<div class=\"e-con-inner\">\n\t\t\t\t<div class=\"elementor-element elementor-element-a22fcc6 elementor-widget elementor-widget-remons_elementor_images_slider\" data-id=\"a22fcc6\" data-element_type=\"widget\" data-e-type=\"widget\" data-settings=\"{&quot;nav_control&quot;:&quot;yes&quot;,&quot;pause_on_hover&quot;:&quot;yes&quot;,&quot;infinite&quot;:&quot;yes&quot;,&quot;autoplay&quot;:&quot;yes&quot;,&quot;autoplay_speed&quot;:3000,&quot;rtl&quot;:&quot;no&quot;}\" data-widget_type=\"remons_elementor_images_slider.default\">\n\t\t\t\t<div class=\"elementor-widget-container\">\n\t\t\t\t\t\n\t\t<div class=\"ova-images-slider owl-carousel owl-theme\" data-options=\"{&quot;items&quot;:6,&quot;slideBy&quot;:1,&quot;margin&quot;:30,&quot;autoplayHoverPause&quot;:true,&quot;loop&quot;:true,&quot;autoplay&quot;:true,&quot;autoplayTimeout&quot;:3000,&quot;smartSpeed&quot;:500,&quot;dots&quot;:false,&quot;nav&quot;:true,&quot;rtl&quot;:false}\" >\n\t\t\t\t\t\t\t\n\t\t\t    <div class=\"item-images-slider\">\n\t\t\t    \t<img decoding=\"async\" src=\"https:\/\/afrentcar.com\/wp-content\/uploads\/2024\/05\/msrt.png\" alt=\"\">\n\t\t\t    \t\t\t\t    <\/div>\n\n\t\t\t\t\t\t\t\n\t\t\t    <div class=\"item-images-slider\">\n\t\t\t    \t<img decoding=\"async\" src=\"https:\/\/afrentcar.com\/wp-content\/uploads\/2024\/05\/rn.png\" alt=\"\">\n\t\t\t    \t\t\t\t    <\/div>\n\n\t\t\t\t\t\t\t\n\t\t\t    <div class=\"item-images-slider\">\n\t\t\t    \t<img decoding=\"async\" src=\"https:\/\/afrentcar.com\/wp-content\/uploads\/2024\/05\/rrw.png\" alt=\"\">\n\t\t\t    \t\t\t\t    <\/div>\n\n\t\t\t\t\t\t\t\n\t\t\t    <div class=\"item-images-slider\">\n\t\t\t    \t<img decoding=\"async\" src=\"https:\/\/afrentcar.com\/wp-content\/uploads\/2024\/05\/mb.png\" alt=\"\">\n\t\t\t    \t\t\t\t    <\/div>\n\n\t\t\t\t\t\t\t\n\t\t\t    <div class=\"item-images-slider\">\n\t\t\t    \t<img decoding=\"async\" src=\"https:\/\/afrentcar.com\/wp-content\/uploads\/2024\/05\/audi.png\" alt=\"\">\n\t\t\t    \t\t\t\t    <\/div>\n\n\t\t\t\t\t<\/div> \t\n\t\t \t\n\t\t\t\t\t\t<\/div>\n\t\t\t\t<\/div>\n\t\t\t\t\t<\/div>\n\t\t\t\t<\/div>\n\t\t<div class=\"elementor-element elementor-element-0515db9 e-flex e-con-boxed e-con e-parent\" data-id=\"0515db9\" data-element_type=\"container\" data-e-type=\"container\" data-settings=\"{&quot;background_background&quot;:&quot;classic&quot;}\">\n\t\t\t\t\t<div class=\"e-con-inner\">\n\t\t<div class=\"elementor-element elementor-element-5d024dc e-con-full e-flex e-con e-child\" data-id=\"5d024dc\" data-element_type=\"container\" data-e-type=\"container\" data-settings=\"{&quot;background_background&quot;:&quot;gradient&quot;}\">\n\t\t<div class=\"elementor-element elementor-element-d37752b e-flex e-con-boxed e-con e-child\" data-id=\"d37752b\" data-element_type=\"container\" data-e-type=\"container\">\n\t\t\t\t\t<div class=\"e-con-inner\">\n\t\t\t\t<div class=\"elementor-element elementor-element-7626bbe elementor-widget elementor-widget-remons_elementor_heading\" data-id=\"7626bbe\" data-element_type=\"widget\" data-e-type=\"widget\" data-widget_type=\"remons_elementor_heading.default\">\n\t\t\t\t<div class=\"elementor-widget-container\">\n\t\t\t\t\t\n\t\t<div class=\"ova-heading\">\n            \n            <div class=\"top-heading\">\n\n            \t\n\t\t\t\t\n\t\t\t\t\t<div class=\"title-wrapper\" style=\"position: relative;\">\n\t\t\t\t\t\t\n\t\t\t\t\t\t\t<h2 class=\"title\">Flotte de voitures de derni\u00e8re g\u00e9n\u00e9ration<\/h2>\n\n\t\t\t\t\t\t\n\t\t\t\t\t\t\t\t\t\t\t<\/div>\n\n\t\t\t\t\n            <\/div>\n\n\t\t\t\t\t\t\t<p class=\"description\">la meilleure exp\u00e9rience de location possible<\/p>\n\t\t\t\n\t\t<\/div>\n\t\t \t\n\t\t\t\t\t\t<\/div>\n\t\t\t\t<\/div>\n\t\t\t\t<div class=\"elementor-element elementor-element-5fd897b elementor-widget elementor-widget-button\" data-id=\"5fd897b\" data-element_type=\"widget\" data-e-type=\"widget\" data-widget_type=\"button.default\">\n\t\t\t\t<div class=\"elementor-widget-container\">\n\t\t\t\t\t\t\t\t\t<div class=\"elementor-button-wrapper\">\n\t\t\t\t\t<a class=\"elementor-button elementor-button-link elementor-size-sm\" href=\"\/fr\/cars\/\">\n\t\t\t\t\t\t<span class=\"elementor-button-content-wrapper\">\n\t\t\t\t\t\t\t\t\t<span class=\"elementor-button-text\">R\u00e9server une voiture<\/span>\n\t\t\t\t\t<\/span>\n\t\t\t\t\t<\/a>\n\t\t\t\t<\/div>\n\t\t\t\t\t\t\t\t<\/div>\n\t\t\t\t<\/div>\n\t\t\t\t\t<\/div>\n\t\t\t\t<\/div>\n\t\t\t\t<\/div>\n\t\t\t\t\t<\/div>\n\t\t\t\t<\/div>\n\t\t<div class=\"elementor-element elementor-element-b7a6496 e-flex e-con-boxed e-con e-parent\" data-id=\"b7a6496\" data-element_type=\"container\" data-e-type=\"container\">\n\t\t\t\t\t<div class=\"e-con-inner\">\n\t\t\t\t<div class=\"elementor-element elementor-element-fc1a572 e-transform elementor-widget elementor-widget-image\" data-id=\"fc1a572\" data-element_type=\"widget\" data-e-type=\"widget\" data-settings=\"{&quot;_transform_flipX_effect&quot;:&quot;transform&quot;}\" data-widget_type=\"image.default\">\n\t\t\t\t<div class=\"elementor-widget-container\">\n\t\t\t\t\t\t\t\t\t\t\t\t\t\t\t<img loading=\"lazy\" decoding=\"async\" width=\"947\" height=\"302\" src=\"https:\/\/afrentcar.com\/wp-content\/uploads\/2023\/11\/car-slideshow-2.png\" class=\"elementor-animation-sink attachment-full size-full wp-image-1519\" alt=\"\" srcset=\"https:\/\/afrentcar.com\/wp-content\/uploads\/2023\/11\/car-slideshow-2.png 947w, https:\/\/afrentcar.com\/wp-content\/uploads\/2023\/11\/car-slideshow-2-700x223.png 700w, https:\/\/afrentcar.com\/wp-content\/uploads\/2023\/11\/car-slideshow-2-300x96.png 300w, https:\/\/afrentcar.com\/wp-content\/uploads\/2023\/11\/car-slideshow-2-768x245.png 768w\" sizes=\"(max-width: 947px) 100vw, 947px\" \/>\t\t\t\t\t\t\t\t\t\t\t\t\t\t\t<\/div>\n\t\t\t\t<\/div>\n\t\t\t\t\t<\/div>\n\t\t\t\t<\/div>\n\t\t\t\t<\/div>","protected":false},"excerpt":{"rendered":"<p>About af rent car maroc Get to Know Us Trusted By Thousands AF RENT CAR is trusted by a lot of clients due to our high quality of service &#038; our respect to their needs. Best quality Best prices Insurance &#038; follow up Trusted By Thousands Discover More Important facts Save Time &#038; Get Best [&hellip;]<\/p>\n","protected":false},"author":1,"featured_media":0,"parent":0,"menu_order":0,"comment_status":"closed","ping_status":"closed","template":"elementor_header_footer","meta":{"_joinchat":[],"footnotes":""},"class_list":["post-53","page","type-page","status-publish","hentry"],"_links":{"self":[{"href":"https:\/\/afrentcar.com\/fr\/wp-json\/wp\/v2\/pages\/53","targetHints":{"allow":["GET"]}}],"collection":[{"href":"https:\/\/afrentcar.com\/fr\/wp-json\/wp\/v2\/pages"}],"about":[{"href":"https:\/\/afrentcar.com\/fr\/wp-json\/wp\/v2\/types\/page"}],"author":[{"embeddable":true,"href":"https:\/\/afrentcar.com\/fr\/wp-json\/wp\/v2\/users\/1"}],"replies":[{"embeddable":true,"href":"https:\/\/afrentcar.com\/fr\/wp-json\/wp\/v2\/comments?post=53"}],"version-history":[{"count":52,"href":"https:\/\/afrentcar.com\/fr\/wp-json\/wp\/v2\/pages\/53\/revisions"}],"predecessor-version":[{"id":7104,"href":"https:\/\/afrentcar.com\/fr\/wp-json\/wp\/v2\/pages\/53\/revisions\/7104"}],"wp:attachment":[{"href":"https:\/\/afrentcar.com\/fr\/wp-json\/wp\/v2\/media?parent=53"}],"curies":[{"name":"wp","href":"https:\/\/api.w.org\/{rel}","templated":true}]}}